{"id":992,"date":"2025-11-06T14:18:52","date_gmt":"2025-11-06T13:18:52","guid":{"rendered":"https:\/\/humboldt-service.de\/barrierefreiheit\/"},"modified":"2026-01-03T19:19:29","modified_gmt":"2026-01-03T18:19:29","slug":"barrierefreiheit","status":"publish","type":"page","link":"https:\/\/humboldt-service.de\/en\/barrierefreiheit\/","title":{"rendered":"Digital Accessibility"},"content":{"rendered":"<section class=\"block block-header-headline\" >\n    <div class=\"container-fluid\">\n        <div class=\"row\">\n\t\t\t\n                            <div class=\"col-xs-12 col-md-offset-2 col-md-8\">\n                    <div class=\"box\">\n                        <h1>Digitale Barrierefreiheit<\/h1>\n                    <\/div>\n                <\/div>\n                    <\/div>\n    <\/div>\n<\/section>\n\n\n\n\n<section class=\"block block-copy block-no-margin\" >\n    <div class=\"container-fluid\">\n\t\t<div class=\"row \">\n            <div class=\"col-xs-12 col-md-offset-2 col-md-8\">\n                <div class=\"box\">\n                    <div class=\"copy\"><p><span class=\"s1\">Als Betreiberin dieser Website ist die <span class=\"anleser\"><a href=\"https:\/\/humboldt-service.de\/startseite-design-tu\/\">Humboldt Forum Service GmbH<\/a><\/span> darum bem\u00fcht, www.humboldt-service.de barrierefrei zug\u00e4nglich zu machen. Rechtsgrundlage sind das Behindertengleichstellungsgesetz (BGG) und die Barrierefreie-Informationstechnik-Verordnung (BITV <\/span><span class=\"s3\">2.0<\/span><span class=\"s1\">).<\/span><\/p>\n<\/div>\n                <\/div>\n            <\/div>\n\t\t<\/div>\n\t\t    <\/div>\n<\/section>\n\n<section class=\"block block-copy\" >\n    <div class=\"container-fluid\">\n\t\t<div class=\"row \">\n            <div class=\"col-xs-12 col-md-offset-2 col-md-8\">\n                <div class=\"box\">\n                    <div class=\"copy\"><\/div>\n                <\/div>\n            <\/div>\n\t\t<\/div>\n\t\t    <\/div>\n<\/section>\n\n<section class=\"block block-header\" >\n\t<block-header inline-template>\n\t\t<figure>\n\n\t\t\t<script type=\"application\/json\" ref=\"data\">\n\t\t\t\t{\n\t\t\t\t\"sizes_d\" : {\"medium\":{\"file\":\"240808_HUFO-Service_0804_LQ-300x200.jpg\",\"width\":300,\"height\":200,\"mime-type\":\"image\\\/jpeg\",\"filesize\":18744},\"large\":{\"file\":\"240808_HUFO-Service_0804_LQ-1024x683.jpg\",\"width\":1024,\"height\":683,\"mime-type\":\"image\\\/jpeg\",\"filesize\":129574},\"thumbnail\":{\"file\":\"240808_HUFO-Service_0804_LQ-150x150.jpg\",\"width\":150,\"height\":150,\"mime-type\":\"image\\\/jpeg\",\"filesize\":8465},\"medium_large\":{\"file\":\"240808_HUFO-Service_0804_LQ-768x512.jpg\",\"width\":768,\"height\":512,\"mime-type\":\"image\\\/jpeg\",\"filesize\":82036},\"small\":{\"file\":\"240808_HUFO-Service_0804_LQ-440x293.jpg\",\"width\":440,\"height\":293,\"mime-type\":\"image\\\/jpeg\",\"filesize\":34186},\"semi\":{\"file\":\"240808_HUFO-Service_0804_LQ-580x387.jpg\",\"width\":580,\"height\":387,\"mime-type\":\"image\\\/jpeg\",\"filesize\":53228},\"mobile\":{\"file\":\"240808_HUFO-Service_0804_LQ-720x480.jpg\",\"width\":720,\"height\":480,\"mime-type\":\"image\\\/jpeg\",\"filesize\":74292},\"hd\":{\"file\":\"240808_HUFO-Service_0804_LQ-1280x854.jpg\",\"width\":1280,\"height\":854,\"mime-type\":\"image\\\/jpeg\",\"filesize\":183313},\"full\":{\"file\":\"240808_HUFO-Service_0804_LQ-1920x1280.jpg\",\"width\":1920,\"height\":1280,\"mime-type\":\"image\\\/jpeg\",\"filesize\":341333},\"1536x1536\":{\"file\":\"240808_HUFO-Service_0804_LQ-1536x1024.jpg\",\"width\":1536,\"height\":1024,\"mime-type\":\"image\\\/jpeg\",\"filesize\":242817},\"2048x2048\":{\"file\":\"240808_HUFO-Service_0804_LQ-2048x1366.jpg\",\"width\":2048,\"height\":1366,\"mime-type\":\"image\\\/jpeg\",\"filesize\":376666},\"original\":{\"file\":\"240808_HUFO-Service_0804_LQ.jpg\",\"width\":2500,\"height\":1667}},\n\t\t\t\t\"alt_d\" : \"Group discussion of six uniformed individuals, while a man holds a tablet, with palm trees in the background.\",\n\t\t\t\t\"path_d\" : \"\\\/wp-content\\\/uploads\\\/2025\\\/11\\\/\",\n\t\t\t\t\"autoplay_d\" : null,\n\t\t\t\t\"crop_d\" : {\"top\":\"29.71\",\"left\":\"50.14\"},\n\t\t\t\t\"background_d\" : true,\n\t\t\t\t\"scale_d\" : 2,\n\n\t\t\t\t\"sizes_m\" : [],\n\t\t\t\t\"alt_m\" : null,\n\t\t\t\t\"path_m\" : null,\n\t\t\t\t\"autoplay_m\" : null,\n\t\t\t\t\"crop_m\" : null,\n\t\t\t\t\"background_m\" : true,\n\t\t\t\t\"scale_m\" : 1,\n\n\t\t\t\t\"has_mobile_format\" : false,\n\t\t\t\t\"has_ad\" : false,\n\t\t\t\t\"audio_description_yt\" : null\t\t\t\t}\n\t\t\t<\/script>\n\t\t\t<div class=\"height-container\" style=\"padding-bottom:66.68%;\" v-if=\"sizes\" data-motion-parallax='{\"child\":\".image-wrapper\",\"mask\":\".lazy-media\",\"tween\":{\"yPercent\": [-15,15]}}'>\n\t\t\t\t<lazy-media :inline=\"true\" :scale=\"scale\" :alt=\"alt\" :sizes=\"sizes\" :brightness=\"brightness\" :path=\"path\" :video=\"video\" :autoplay=\"autoplay\" :youtube=\"youtube\" :crop=\"crop\" :youtubelabel=\"youtubelabel\" :background=\"background\"><\/lazy-media>\n\t\t\t\t<button class=\"autoplay-audio-description-btn icon-background icon-audio-describtions\" @click=\"audioDescriptionPlay\" v-if=\"hasAudioDescription\" aria-label=\"Audiodeskription aufrufen\"><\/button>\n\t\t\t<\/div>\n\t\t\t\t\t\t<div class=\"lazy-media-info-container-fluid\">\n\t\t\t\t<div class=\"lazy-media-info-row end-xs\">\n\t\t\t\t\t<div class=\"lazy-media-info-col\">\n\t\t\t\t\t\t<div class=\"lazy-media-info\" aria-expanded=\"false\" :aria-expanded=\"isOpen ? 'true' : 'false'\">\n\t\t\t\t\t\t\t<button class=\"lazy-media-info-head button-tiny insignificant\" :class=\"{'button-active': isOpen}\" @click=\"toggle\" ref=\"head\"><span class=\"button-label insignificant\">Image info<\/span><\/button>\n\t\t\t\t\t\t\t<figcaption class=\"lazy-media-info-body\" ref=\"body\">\n\t\t\t\t\t\t\t\t<div class=\"lazy-media-info-body-content\">\n\n\t\t\t\t\t\t\t\t\t\t\t\t\t\t\t\t\t\t\t<div>&copy; Humboldt Forum Service GmbH \/ Foto: Frank Sperling<\/div>\n\t\t\t\t\t\t\t\t\t\t\t\t\t\t\t\t\t\t\t\t\t\t\t\t\t\t\t\t\t\t\t\t\t\t\t<\/div>\n\t\t\t\t\t\t\t<\/figcaption>\n\t\t\t\t\t\t\t<div class=\"lazy-media-info-head-border\"><\/div>\n\t\t\t\t\t\t<\/div>\n\t\t\t\t\t<\/div>\n\t\t\t\t<\/div>\n\t\t\t<\/div>\n\t\t\t\t\t<\/figure>\n\t<\/block-header>\n<\/section>\n\n\n<section class=\"block block-anchor-nav\" aria-hidden=\"true\">\n\t<div class=\"container-fluid\">\n\t\t<div class=\"row\">\n\t\t\t<div class=\"col-xs-12 col-md-offset-2 col-md-8\">\n\t\t\t\t<block-anchor-nav inline-template>\n\t\t\t\t\t<div>\n\t\t\t\t\t\t<div class=\"anchor-nav-relative\" :class=\"{'isSticky': sticky}\" ref=\"view\">\n\t\t\t\t\t\t\t<div class=\"anchor-nav-title\" @click=\"toggle\" ref=\"head\">Contents<\/div>\n\t\t\t\t\t\t\t<div class=\"anchor-nav\" ref=\"body\">\n\t\t\t\t\t\t\t\t<ul class=\"anchor-nav-list\">\n\t\t\t\t\t\t\t\t\t\t\t\t\t\t\t\t\t\t\t<li class=\"anchor-nav-list-item\">\n\t\t\t\t\t\t\t\t\t\t\t<button @click=\"select('Zug\u00e4nglichkeit')\">\n\t\t\t\t\t\t\t\t\t\t\t\t<span class=\"button-icon icon-bullet_normal\" aria-hidden=\"true\"><\/span>\n\t\t\t\t\t\t\t\t\t\t\t\t<span class=\"button-label\">Zug\u00e4nglichkeit<\/span>\n\t\t\t\t\t\t\t\t\t\t\t<\/button>\n\t\t\t\t\t\t\t\t\t\t<\/li>\n\t\t\t\t\t\t\t\t\t\t\t\t\t\t\t\t\t\t\t<li class=\"anchor-nav-list-item\">\n\t\t\t\t\t\t\t\t\t\t\t<button @click=\"select('Feedback und Kontakt')\">\n\t\t\t\t\t\t\t\t\t\t\t\t<span class=\"button-icon icon-bullet_normal\" aria-hidden=\"true\"><\/span>\n\t\t\t\t\t\t\t\t\t\t\t\t<span class=\"button-label\">Feedback und Kontakt<\/span>\n\t\t\t\t\t\t\t\t\t\t\t<\/button>\n\t\t\t\t\t\t\t\t\t\t<\/li>\n\t\t\t\t\t\t\t\t\t\t\t\t\t\t\t\t\t\t\t<li class=\"anchor-nav-list-item\">\n\t\t\t\t\t\t\t\t\t\t\t<button @click=\"select('Schlichtung')\">\n\t\t\t\t\t\t\t\t\t\t\t\t<span class=\"button-icon icon-bullet_normal\" aria-hidden=\"true\"><\/span>\n\t\t\t\t\t\t\t\t\t\t\t\t<span class=\"button-label\">Schlichtung<\/span>\n\t\t\t\t\t\t\t\t\t\t\t<\/button>\n\t\t\t\t\t\t\t\t\t\t<\/li>\n\t\t\t\t\t\t\t\t\t\t\t\t\t\t\t\t\t\t\t<li class=\"anchor-nav-list-item\">\n\t\t\t\t\t\t\t\t\t\t\t<button @click=\"select('Erstelldatum')\">\n\t\t\t\t\t\t\t\t\t\t\t\t<span class=\"button-icon icon-bullet_normal\" aria-hidden=\"true\"><\/span>\n\t\t\t\t\t\t\t\t\t\t\t\t<span class=\"button-label\">Erstelldatum<\/span>\n\t\t\t\t\t\t\t\t\t\t\t<\/button>\n\t\t\t\t\t\t\t\t\t\t<\/li>\n\t\t\t\t\t\t\t\t\t\t\t\t\t\t\t\t\t\t\t<li class=\"anchor-nav-list-item\">\n\t\t\t\t\t\t\t\t\t\t\t<button @click=\"select('Barrierefreiheit und Inklusion im Humboldt Forum')\">\n\t\t\t\t\t\t\t\t\t\t\t\t<span class=\"button-icon icon-bullet_normal\" aria-hidden=\"true\"><\/span>\n\t\t\t\t\t\t\t\t\t\t\t\t<span class=\"button-label\">Barrierefreiheit und Inklusion im Humboldt Forum<\/span>\n\t\t\t\t\t\t\t\t\t\t\t<\/button>\n\t\t\t\t\t\t\t\t\t\t<\/li>\n\t\t\t\t\t\t\t\t\t\t\t\t\t\t\t\t\t<\/ul>\n\t\t\t\t\t\t\t<\/div>\n\t\t\t\t\t\t<\/div>\n\n\t\t\t\t\t\t<div class=\"anchor-nav-accordion\" aria-expanded=\"false\" :class=\"{'isSticky': sticky}\"  :aria-expanded=\"active ? 'true' : 'false'\">\n\t\t\t\t\t\t\t<div class=\"container-fluid\">\n\t\t\t\t\t\t\t\t<div class=\"row\">\n\t\t\t\t\t\t\t\t\t<div class=\"col-xs-12 col-md-offset-2 col-md-8\">\n\t\t\t\t\t\t\t\t\t\t<button class=\"anchor-nav-title\" @click=\"toggle\" ref=\"head\"><span class=\"button-label\">Contents<\/span><span class=\"button-icon icon-arrow_standart\" aria-hidden=\"true\"><\/span><\/button>\n\t\t\t\t\t\t\t\t\t\t<div class=\"anchor-nav\" ref=\"body\">\n\t\t\t\t\t\t\t\t\t\t\t<ul class=\"anchor-nav-list\">\n\t\t\t\t\t\t\t\t\t\t\t\t\t\t\t\t\t\t\t\t\t\t\t\t\t<li class=\"anchor-nav-list-item\">\n\t\t\t\t\t\t\t\t\t\t\t\t\t\t<button @click=\"select('Zug\u00e4nglichkeit')\">\n\t\t\t\t\t\t\t\t\t\t\t\t\t\t\t<span class=\"button-icon icon-bullet_normal\" aria-hidden=\"true\"><\/span>\n\t\t\t\t\t\t\t\t\t\t\t\t\t\t\t<span class=\"button-label\">Zug\u00e4nglichkeit<\/span>\n\t\t\t\t\t\t\t\t\t\t\t\t\t\t<\/button>\n\t\t\t\t\t\t\t\t\t\t\t\t\t<\/li>\n\t\t\t\t\t\t\t\t\t\t\t\t\t\t\t\t\t\t\t\t\t\t\t\t\t<li class=\"anchor-nav-list-item\">\n\t\t\t\t\t\t\t\t\t\t\t\t\t\t<button @click=\"select('Feedback und Kontakt')\">\n\t\t\t\t\t\t\t\t\t\t\t\t\t\t\t<span class=\"button-icon icon-bullet_normal\" aria-hidden=\"true\"><\/span>\n\t\t\t\t\t\t\t\t\t\t\t\t\t\t\t<span class=\"button-label\">Feedback und Kontakt<\/span>\n\t\t\t\t\t\t\t\t\t\t\t\t\t\t<\/button>\n\t\t\t\t\t\t\t\t\t\t\t\t\t<\/li>\n\t\t\t\t\t\t\t\t\t\t\t\t\t\t\t\t\t\t\t\t\t\t\t\t\t<li class=\"anchor-nav-list-item\">\n\t\t\t\t\t\t\t\t\t\t\t\t\t\t<button @click=\"select('Schlichtung')\">\n\t\t\t\t\t\t\t\t\t\t\t\t\t\t\t<span class=\"button-icon icon-bullet_normal\" aria-hidden=\"true\"><\/span>\n\t\t\t\t\t\t\t\t\t\t\t\t\t\t\t<span class=\"button-label\">Schlichtung<\/span>\n\t\t\t\t\t\t\t\t\t\t\t\t\t\t<\/button>\n\t\t\t\t\t\t\t\t\t\t\t\t\t<\/li>\n\t\t\t\t\t\t\t\t\t\t\t\t\t\t\t\t\t\t\t\t\t\t\t\t\t<li class=\"anchor-nav-list-item\">\n\t\t\t\t\t\t\t\t\t\t\t\t\t\t<button @click=\"select('Erstelldatum')\">\n\t\t\t\t\t\t\t\t\t\t\t\t\t\t\t<span class=\"button-icon icon-bullet_normal\" aria-hidden=\"true\"><\/span>\n\t\t\t\t\t\t\t\t\t\t\t\t\t\t\t<span class=\"button-label\">Erstelldatum<\/span>\n\t\t\t\t\t\t\t\t\t\t\t\t\t\t<\/button>\n\t\t\t\t\t\t\t\t\t\t\t\t\t<\/li>\n\t\t\t\t\t\t\t\t\t\t\t\t\t\t\t\t\t\t\t\t\t\t\t\t\t<li class=\"anchor-nav-list-item\">\n\t\t\t\t\t\t\t\t\t\t\t\t\t\t<button @click=\"select('Barrierefreiheit und Inklusion im Humboldt Forum')\">\n\t\t\t\t\t\t\t\t\t\t\t\t\t\t\t<span class=\"button-icon icon-bullet_normal\" aria-hidden=\"true\"><\/span>\n\t\t\t\t\t\t\t\t\t\t\t\t\t\t\t<span class=\"button-label\">Barrierefreiheit und Inklusion im Humboldt Forum<\/span>\n\t\t\t\t\t\t\t\t\t\t\t\t\t\t<\/button>\n\t\t\t\t\t\t\t\t\t\t\t\t\t<\/li>\n\t\t\t\t\t\t\t\t\t\t\t\t\t\t\t\t\t\t\t\t\t\t\t<\/ul>\n\t\t\t\t\t\t\t\t\t\t<\/div>\n\t\t\t\t\t\t\t\t\t<\/div>\n\t\t\t\t\t\t\t\t<\/div>\n\t\t\t\t\t\t\t<\/div>\n\t\t\t\t\t\t<\/div>\n\t\t\t\t\t<\/div>\n\t\t\t\t<\/block-anchor-nav>\n\t\t\t<\/div>\n\t\t<\/div>\n\t<\/div>\n<\/section>\n\n<section class=\"block block-headline block-no-margin \"  id='zugnglichkeit' data-anchor='Zug\u00e4nglichkeit'>\n\t<div class=\"container-fluid\">\n\t\t<div class=\"row\">\n\t\t\t\t\t\t\t<div class=\"col-xs-12 col-md-offset-2 col-md-8\">\n\t\t\t\t\t<div class=\"box\">\n\t\t\t\t\t\t<h2>Zug\u00e4nglichkeit<\/h2>\n\t\t\t\t\t<\/div>\n\t\t\t\t<\/div>\n\t\t\t\t\t<\/div>\n\t<\/div>\n<\/section>\n\n\n\n\n<section class=\"block block-copy block-no-margin\" >\n    <div class=\"container-fluid\">\n\t\t<div class=\"row \">\n            <div class=\"col-xs-12 col-md-offset-2 col-md-8\">\n                <div class=\"box\">\n                    <div class=\"copy\"><p>Die Website befindet sich im Aufbau und wird im laufenden Prozess durch externe Testgruppen gepr\u00fcft und auf dieser Grundlage laufend angepasst. Der Test einiger j\u00fcngerer Features steht noch aus. Nicht barrierefrei sind auf der Website ver\u00f6ffentlichte Publikationen \u00e4lteren Datums im pdf-Format.<\/p>\n<\/div>\n                <\/div>\n            <\/div>\n\t\t<\/div>\n\t\t    <\/div>\n<\/section>\n\n<section class=\"block block-copy\" >\n    <div class=\"container-fluid\">\n\t\t<div class=\"row \">\n            <div class=\"col-xs-12 col-md-offset-2 col-md-8\">\n                <div class=\"box\">\n                    <div class=\"copy\"><\/div>\n                <\/div>\n            <\/div>\n\t\t<\/div>\n\t\t    <\/div>\n<\/section>\n\n<section class=\"block block-headline block-no-margin \"  id='feedback-und-kontakt' data-anchor='Feedback und Kontakt'>\n\t<div class=\"container-fluid\">\n\t\t<div class=\"row\">\n\t\t\t\t\t\t\t<div class=\"col-xs-12 col-md-offset-2 col-md-8\">\n\t\t\t\t\t<div class=\"box\">\n\t\t\t\t\t\t<h2>Feedback und Kontakt<\/h2>\n\t\t\t\t\t<\/div>\n\t\t\t\t<\/div>\n\t\t\t\t\t<\/div>\n\t<\/div>\n<\/section>\n\n\n\n\n<section class=\"block block-copy block-no-margin\" >\n    <div class=\"container-fluid\">\n\t\t<div class=\"row \">\n            <div class=\"col-xs-12 col-md-offset-2 col-md-8\">\n                <div class=\"box\">\n                    <div class=\"copy\"><p>Sind Ihnen M\u00e4ngel beim barrierefreien Zugang zu Inhalten dieser Webseite aufgefallen? Oder haben Sie Fragen zum Thema Barrierefreiheit? Dann k\u00f6nnen Sie sich gerne bei uns melden:<\/p>\n<p>Humboldt Forum Service GmbH<br \/>\nSpreeufer 5<br \/>\n10178 Berlin<\/p>\n<p>Kontakt:<br \/>\n<a href=\"mailto:info@humboldt-service.de\">info@humboldt-service.de<\/a><\/p>\n<\/div>\n                <\/div>\n            <\/div>\n\t\t<\/div>\n\t\t    <\/div>\n<\/section>\n\n<section class=\"block block-copy\" >\n    <div class=\"container-fluid\">\n\t\t<div class=\"row \">\n            <div class=\"col-xs-12 col-md-offset-2 col-md-8\">\n                <div class=\"box\">\n                    <div class=\"copy\"><\/div>\n                <\/div>\n            <\/div>\n\t\t<\/div>\n\t\t    <\/div>\n<\/section>\n\n<section class=\"block block-headline block-no-margin \"  id='schlichtung' data-anchor='Schlichtung'>\n\t<div class=\"container-fluid\">\n\t\t<div class=\"row\">\n\t\t\t\t\t\t\t<div class=\"col-xs-12 col-md-offset-2 col-md-8\">\n\t\t\t\t\t<div class=\"box\">\n\t\t\t\t\t\t<h2>Schlichtung<\/h2>\n\t\t\t\t\t<\/div>\n\t\t\t\t<\/div>\n\t\t\t\t\t<\/div>\n\t<\/div>\n<\/section>\n\n\n\n\n<section class=\"block block-copy block-no-margin\" >\n    <div class=\"container-fluid\">\n\t\t<div class=\"row \">\n            <div class=\"col-xs-12 col-md-offset-2 col-md-8\">\n                <div class=\"box\">\n                    <div class=\"copy\"><p>Wir bem\u00fchen uns, Ihre Anfragen innerhalb einer angemessenen Frist (in der Regel maximal sechs Wochen) zu beantworten.<\/p>\n<p>Wenn Sie keine Antwort erhalten oder mit der Antwort ganz oder teilweise unzufrieden sind, k\u00f6nnen Sie sich an die Schlichtungs\u00adstelle zum Bundesgleichstellungs\u00adgesetz wenden. Die Schlichtungs\u00adstelle wird Ihren Fall pr\u00fcfen und versuchen im Rahmen eines Schlichtungs\u00adverfahrens eine L\u00f6sung herbeizuf\u00fchren.<\/p>\n<p>Unter dieser Adresse erreichen Sie die Schlichtungs\u00adstelle:<\/p>\n<p>Schlichtungs\u00adstelle zum Behinderten\u00adgleichstellungs\u00adgesetz bei dem Beauftragten der Bundes\u00adregierung f\u00fcr die Belange von Menschen mit Behinderungen<br \/>\nMauerstra\u00dfe 53<br \/>\n10117 Berlin<\/p>\n<p>Telefon: 030 18 527-2805<br \/>\nTelefax: 030 18 527-2901<\/p>\n<p>E-Mail:\u00a0<a title=\"E-Mail an die Schlichtungsstelle senden\" href=\"mailto:info@schlichtungsstelle-bgg.de\">info@schlichtungsstelle-bgg.de<\/a><br \/>\nInternet:\u00a0<a title=\"Link \u00f6ffnet in neuem Fenster: zur Schlichtungsstelle\" href=\"https:\/\/www.schlichtungsstelle-bgg.de\/\" target=\"_blank\" rel=\"noopener\">www.schlichtungsstelle-bgg.de<\/a><\/p>\n<p>Bei der Schlichtungsstelle k\u00f6nnen Sie einen Antrag auf Einleitung eines Schlichtungs\u00adverfahrens stellen. Die Antragstellung ist durch das Ausf\u00fcllen eines Online-Formulars, schriftlich auf dem Postweg, per E-Mail oder zur Niederschrift in der Gesch\u00e4fts\u00adstelle der Schlichtungs\u00adstelle m\u00f6glich.<\/p>\n<\/div>\n                <\/div>\n            <\/div>\n\t\t<\/div>\n\t\t    <\/div>\n<\/section>\n\n<section class=\"block block-copy\" >\n    <div class=\"container-fluid\">\n\t\t<div class=\"row \">\n            <div class=\"col-xs-12 col-md-offset-2 col-md-8\">\n                <div class=\"box\">\n                    <div class=\"copy\"><\/div>\n                <\/div>\n            <\/div>\n\t\t<\/div>\n\t\t    <\/div>\n<\/section>\n\n<section class=\"block block-headline block-no-margin \"  id='erstelldatum' data-anchor='Erstelldatum'>\n\t<div class=\"container-fluid\">\n\t\t<div class=\"row\">\n\t\t\t\t\t\t\t<div class=\"col-xs-12 col-md-offset-2 col-md-8\">\n\t\t\t\t\t<div class=\"box\">\n\t\t\t\t\t\t<h2>Erstelldatum<\/h2>\n\t\t\t\t\t<\/div>\n\t\t\t\t<\/div>\n\t\t\t\t\t<\/div>\n\t<\/div>\n<\/section>\n\n\n\n\n<section class=\"block block-copy block-no-margin\" >\n    <div class=\"container-fluid\">\n\t\t<div class=\"row \">\n            <div class=\"col-xs-12 col-md-offset-2 col-md-8\">\n                <div class=\"box\">\n                    <div class=\"copy\"><ul>\n<li>Diese Erkl\u00e4rung wurde erstellt am: 05.12.2025<\/li>\n<li>Die Erkl\u00e4rung wurde zuletzt \u00fcberpr\u00fcft am: 05.12.2025<\/li>\n<li>Letzte Aktualisierung am 06.12.2025<\/li>\n<\/ul>\n<\/div>\n                <\/div>\n            <\/div>\n\t\t<\/div>\n\t\t    <\/div>\n<\/section>\n\n<section class=\"block block-copy\" >\n    <div class=\"container-fluid\">\n\t\t<div class=\"row \">\n            <div class=\"col-xs-12 col-md-offset-2 col-md-8\">\n                <div class=\"box\">\n                    <div class=\"copy\"><\/div>\n                <\/div>\n            <\/div>\n\t\t<\/div>\n\t\t    <\/div>\n<\/section>\n\n<section class=\"block block-headline block-no-margin \"  id='barrierefreiheit-und-inklusion-im-humboldt-forum' data-anchor='Barrierefreiheit und Inklusion im Humboldt Forum'>\n\t<div class=\"container-fluid\">\n\t\t<div class=\"row\">\n\t\t\t\t\t\t\t<div class=\"col-xs-12 col-md-offset-2 col-md-8\">\n\t\t\t\t\t<div class=\"box\">\n\t\t\t\t\t\t<h2>Barrierefreiheit und Inklusion im Humboldt Forum<\/h2>\n\t\t\t\t\t<\/div>\n\t\t\t\t<\/div>\n\t\t\t\t\t<\/div>\n\t<\/div>\n<\/section>\n\n\n\n\n<section class=\"block block-copy block-no-margin\" >\n    <div class=\"container-fluid\">\n\t\t<div class=\"row \">\n            <div class=\"col-xs-12 col-md-offset-2 col-md-8\">\n                <div class=\"box\">\n                    <div class=\"copy\"><p><span class=\"s1\">Aktuelle Informationen zur Barrierefreiheit vor Ort sind unter\u00a0<\/span><a href=\"https:\/\/www.humboldtforum.org\/de\/barrierefreiheit\/\"><span class=\"s2\">Barrierefreiheit und Inklusion im Humboldt Forum<\/span><\/a><span class=\"s1\">\u00a0zusammengestellt.<\/span><\/p>\n<\/div>\n                <\/div>\n            <\/div>\n\t\t<\/div>\n\t\t    <\/div>\n<\/section>\n\n<section class=\"block block-copy\" >\n    <div class=\"container-fluid\">\n\t\t<div class=\"row \">\n            <div class=\"col-xs-12 col-md-offset-2 col-md-8\">\n                <div class=\"box\">\n                    <div class=\"copy\"><\/div>\n                <\/div>\n            <\/div>\n\t\t<\/div>\n\t\t    <\/div>\n<\/section>\n\n<section class=\"block block-headline block-no-margin \" >\n\t<div class=\"container-fluid\">\n\t\t<div class=\"row\">\n\t\t\t\t\t<\/div>\n\t<\/div>\n<\/section>\n\n\n\n\n<section class=\"block block-copy block-no-margin\" >\n    <div class=\"container-fluid\">\n\t\t<div class=\"row \">\n            <div class=\"col-xs-12 col-md-offset-2 col-md-8\">\n                <div class=\"box\">\n                    <div class=\"copy\"><\/div>\n                <\/div>\n            <\/div>\n\t\t<\/div>\n\t\t    <\/div>\n<\/section>\n\n<section class=\"block block-copy\" >\n    <div class=\"container-fluid\">\n\t\t<div class=\"row \">\n            <div class=\"col-xs-12 col-md-offset-2 col-md-8\">\n                <div class=\"box\">\n                    <div class=\"copy\"><\/div>\n                <\/div>\n            <\/div>\n\t\t<\/div>\n\t\t    <\/div>\n<\/section>","protected":false},"excerpt":{"rendered":"","protected":false},"author":83,"featured_media":0,"parent":0,"menu_order":904,"comment_status":"closed","ping_status":"closed","template":"","meta":{"_acf_changed":false,"footnotes":""},"class_list":["post-992","page","type-page","status-publish","hentry"],"acf":[],"_links":{"self":[{"href":"https:\/\/humboldt-service.de\/en\/wp-json\/wp\/v2\/pages\/992","targetHints":{"allow":["GET"]}}],"collection":[{"href":"https:\/\/humboldt-service.de\/en\/wp-json\/wp\/v2\/pages"}],"about":[{"href":"https:\/\/humboldt-service.de\/en\/wp-json\/wp\/v2\/types\/page"}],"author":[{"embeddable":true,"href":"https:\/\/humboldt-service.de\/en\/wp-json\/wp\/v2\/users\/83"}],"replies":[{"embeddable":true,"href":"https:\/\/humboldt-service.de\/en\/wp-json\/wp\/v2\/comments?post=992"}],"version-history":[{"count":1,"href":"https:\/\/humboldt-service.de\/en\/wp-json\/wp\/v2\/pages\/992\/revisions"}],"predecessor-version":[{"id":993,"href":"https:\/\/humboldt-service.de\/en\/wp-json\/wp\/v2\/pages\/992\/revisions\/993"}],"wp:attachment":[{"href":"https:\/\/humboldt-service.de\/en\/wp-json\/wp\/v2\/media?parent=992"}],"curies":[{"name":"wp","href":"https:\/\/api.w.org\/{rel}","templated":true}]}}